{"id":9972,"date":"2017-12-16T11:35:32","date_gmt":"2017-12-16T11:35:32","guid":{"rendered":"http:\/\/www.xn--pearealmadridmazacotero-thc.es\/?page_id=9972"},"modified":"2017-12-16T11:35:32","modified_gmt":"2017-12-16T11:35:32","slug":"politica-de-privacidad","status":"publish","type":"page","link":"http:\/\/www.xn--pearealmadridmazacotero-thc.es\/?page_id=9972","title":{"rendered":"POLITICA DE PRIVACIDAD"},"content":{"rendered":"<p align=\"JUSTIFY\"><span style=\"color: #333333;\"><b>POL\u00cdTICA DE PRIVACIDAD DEL SITIO WEB www.pe\u00f1arealmadridmazacotero.es<\/b><\/span><\/p>\n<p align=\"JUSTIFY\"><span style=\"color: #333333;\">La presente pol\u00edtica de privacidad describe las formas en la que recogemos la informaci\u00f3n, con qu\u00e9 fin la utilizamos y c\u00f3mo la gestionamos.<\/span><\/p>\n<p align=\"JUSTIFY\"><span style=\"color: #333333;\">Su privacidad es importante para nosotros y le otorgamos una gran importancia, por eso deseamos expresar el m\u00e1ximo compromiso con la protecci\u00f3n de los datos personales de nuestros Usuarios. Hemos implementado las medidas t\u00e9cnicas y organizativas necesarias que indica la normativa de protecci\u00f3n de datos para asegurar la confidencialidad de sus datos, dando cumplimiento tanto la Ley Org\u00e1nica de Protecci\u00f3n de datos de Car\u00e1cter Personal 15\/1999 de 13 de diciembre (LOPD) y el RD 1720\/2007, como el Reglamento General de Protecci\u00f3n de Datos aprobado por la Uni\u00f3n Europea (RGPD). No obstante, no podemos asumir ninguna responsabilidad por los da\u00f1os y perjuicios derivados de alteraciones que terceros pueden causar en los sistemas inform\u00e1ticos, documentos electr\u00f3nicos o ficheros del Usuario.<\/span><\/p>\n<p align=\"JUSTIFY\"><span style=\"color: #333333;\"><b>\u00bfQUI\u00c9N ES EL RESPONSABLE DEL TRATAMIENTO?<\/b><\/span><\/p>\n<p align=\"JUSTIFY\"><span style=\"color: #333333;\">Le informamos que sus datos de car\u00e1cter personal ser\u00e1n almacenados en ficheros que est\u00e1n debidamente inscritos en el Registro de la Agencia Espa\u00f1ola de Protecci\u00f3n de Datos, de los que es titular ASOCIACI\u00d3N PE\u00d1A REAL MADRID MAZACOTERO, titular del CIF G45244290, con domicilio fiscal en CARRETERA DE ALBARREAL DEL TAJO, 2 &#8211; 45500 TORRIJOS (TOLEDO), n\u00famero de tel\u00e9fono 925772020, e-mail oas@pe\u00f1arealmadridmazacotero.es. <\/span><\/p>\n<p align=\"JUSTIFY\"><span style=\"color: #333333;\"><b>\u00bfCU\u00c1LES SON LAS FINALIDADES DEL TRATAMIENTO?<\/b><\/span><\/p>\n<p align=\"JUSTIFY\"><span style=\"color: #333333;\">1.- Para acceder a algunos de nuestros servicios, y con el objeto de <\/span><span style=\"color: #333333;\"><b>atender sus consultas<\/b><\/span><span style=\"color: #333333;\">, puede ser necesario que obtengamos informaci\u00f3n por su parte, en tal caso, le solicitaremos que nos la proporcione voluntariamente de forma expresa. \u00danicamente debe enviarnos los datos de los que usted es titular, o bien de terceros, si es su representante legal o ha obtenido su consentimiento inequ\u00edvoco. <\/span><\/p>\n<p align=\"JUSTIFY\"><span style=\"color: #333333;\">2. Cumplir con nuestras <\/span><span style=\"color: #333333;\"><b>obligaciones contractuales<\/b><\/span><span style=\"color: #333333;\"> en el caso de que usted haya decidido adquirir alguno de nuestros productos y\/o servicios, as\u00ed como realizar la gesti\u00f3n administrativa, fiscal y contable derivada de los trabajos que hemos realizado. Esta finalidad principal no est\u00e1 supeditada al env\u00edo de comunicaciones comerciales, de manera que usted podr\u00e1 no consentir o revocar posteriormente el tratamiento para esa finalidad, sin que afecte a las condiciones de contrataci\u00f3n del producto o servicio que ha adquirido.<\/span><\/p>\n<p align=\"JUSTIFY\"><span style=\"color: #333333;\">3. A ra\u00edz de las relaciones se\u00f1aladas en el apartado 1 y 2, usted tambi\u00e9n consiente que le podamos enviar <\/span><span style=\"color: #333333;\"><b>informaci\u00f3n comercial peri\u00f3dicamente<\/b><\/span><span style=\"color: #333333;\"> de nuestros productos y\/o servicios, incluido los newsletter, o bien informaci\u00f3n de terceros con los que mantengamos colaboraciones comerciales. <\/span><\/p>\n<p align=\"JUSTIFY\"><span style=\"color: #333333;\">4. Gesti\u00f3n de <\/span><span style=\"color: #333333;\"><b>publicaciones de eventos y viajes en nuestra web y Redes sociales.<\/b><\/span><span style=\"color: #333333;\"> Las personas que acudan a las jornadas y eventos que organizamos, pueden ser fotografiados con la finalidad de promocionar nuestra asociaci\u00f3n y dar difusi\u00f3n a nuestras jornadas y eventos entre nuestros asociados y p\u00fablico en general. <\/span><\/p>\n<p align=\"JUSTIFY\"><span style=\"color: #333333;\">En el caso de que usted decida hacerse seguidor en las redes sociales en las que tengamos perfil abierto, o bien haya otorgado su consentimiento para que se publiquen sus datos en las mismas o en nuestra web. Usted consiente que sus datos personales sean tratados en la forma en la que cada una de estas redes sociales lo permitan en funci\u00f3n de su t\u00e9cnica, as\u00ed como de sus propios t\u00e9rminos y condiciones, y no ser\u00e1n utilizadas para finalidades distintas a las previstas por las propias redes sociales y dentro de la plataforma y\/o entorno de \u00e9stas. En los siguientes enlaces puede ampliar la informaci\u00f3n:<\/span><\/p>\n<ul>\n<li>\n<p align=\"JUSTIFY\"><span style=\"color: #333333;\">Facebook:\u00a0<\/span><a href=\"http:\/\/www.facebook.com\/policy.php?ref=pf\"><span style=\"color: #333333;\">http:\/\/www.facebook.com\/policy.php?ref=pf<\/span><\/a><\/p>\n<\/li>\n<\/ul>\n<ul>\n<li>\n<p align=\"JUSTIFY\"><span style=\"color: #333333;\">Twitter:\u00a0<a href=\"https:\/\/twitter.com\/privacy\">https:\/\/twitter.com\/privacy<\/a><\/span><\/p>\n<\/li>\n<li>\n<p align=\"JUSTIFY\"><span style=\"color: #333333;\"><span lang=\"en-GB\">Youtube:\u00a0<a href=\"https:\/\/www.google.es\/intl\/es\/policies\/technologies\/cookies\/\">\u00a0<\/a> http:\/\/www.google.es\/intl\/es\/policies\/privacy\/<\/span><\/span><\/p>\n<\/li>\n<li>\n<p align=\"JUSTIFY\"><span style=\"color: #333333;\"><span lang=\"en-GB\">Whatsapp: https:\/\/www.whatsapp.com\/legal\/?l=es<\/span><\/span><\/p>\n<\/li>\n<\/ul>\n<p lang=\"en-GB\" align=\"JUSTIFY\">\n<p align=\"JUSTIFY\"><span style=\"color: #333333;\">Tambi\u00e9n consiente nuestro acceso a los datos contenidos en su perfil, a que le podamos enviar comunicaciones comerciales a trav\u00e9s de la mensajer\u00eda interna de la red social, y que un evento creado por nosotros pueda aparecer publicado en su muro. Puede dejar de seguirnos en nuestras redes sociales utilizando las herramientas que ellas mismas proporcionan. Le Informamos a cualquier interesado cuyos datos personales puedan aparecer en las redes sociales cuyo perfil tengamos abierto, la posibilidad de ejercer sus derechos conforme se especifica en el apartado DERECHOS DE LOS INTERESADOS.<\/span><\/p>\n<p align=\"JUSTIFY\"><span style=\"color: #333333;\">5. Participar en los posibles procesos de selecci\u00f3n de personal que pudi\u00e9ramos realizar en el caso de que usted nos env\u00ede su curriculum vitae.<\/span><\/p>\n<p align=\"JUSTIFY\"><span style=\"color: #333333;\"><b>\u00bfCU\u00c1L ES LA LEGITIMACI\u00d3N DEL TRATAMIENTO?<\/b><\/span><\/p>\n<p align=\"JUSTIFY\"><span style=\"color: #333333;\">1. Consentimiento del interesado en la finalidad n\u00ba 1, que usted nos otorga en el momento de aceptar la pol\u00edtica de privacidad de esta web.<\/span><\/p>\n<p align=\"JUSTIFY\"><span style=\"color: #333333;\">2. Ejecuci\u00f3n del contrato suscrito en la finalidad n\u00ba 2, en las condiciones indicadas en el contrato que pudi\u00e9ramos formalizar, as\u00ed como cumplir con las obligaciones legales fiscales derivadas del contrato. <\/span><\/p>\n<p align=\"JUSTIFY\"><span style=\"color: #333333;\">3. Inter\u00e9s leg\u00edtimo en la finalidad n\u00ba 3 seg\u00fan se indica en el art. 6 1 f) y en el considerando 47 del Reglamento General de Protecci\u00f3n de datos que indica que \u201cTal inter\u00e9s leg\u00edtimo podr\u00eda darse, por ejemplo, cuando existe una relaci\u00f3n pertinente y apropiada entre el interesado y el responsable, como en situaciones en las que el interesado es cliente\u201d. <\/span><\/p>\n<p align=\"JUSTIFY\"><span style=\"color: #333333;\">4. Consentimiento del interesado en la finalidad n\u00ba 4, que usted nos otorga en el momento de aceptar la pol\u00edtica de privacidad de esta web, o bien al hacerse seguidor de alguna de nuestras p\u00e1ginas de redes sociales, o bien si obtenemos su consentimiento de manera espec\u00edfica donde nos permita publicar sus datos. <\/span><\/p>\n<p align=\"JUSTIFY\"><span style=\"color: #000000;\"><span style=\"font-family: Calibri Light,serif;\"><span lang=\"es-ES\">5. <\/span><\/span><\/span><span style=\"color: #333333;\">Consentimiento<\/span><span style=\"color: #000000;\"><span style=\"font-family: Calibri Light,serif;\"><span lang=\"es-ES\"> del interesado en la finalidad n\u00ba 5<\/span><\/span><\/span><span style=\"color: #333333;\"> que usted nos otorga en el momento de aceptar la pol\u00edtica de privacidad de esta web, o bien mediante formularios en papel o electr\u00f3nicos donde usted presta su consentimiento de manera espec\u00edfica. Si nos env\u00eda su curriculum por e-mail consideramos que usted nos est\u00e1 permitiendo el tratamiento del mismo, de manera que en caso de que creamos oportuno conservarlo le contestaremos por ese mismo medio de nuestra pol\u00edtica de protecci\u00f3n de datos.<\/span><\/p>\n<p align=\"JUSTIFY\"><span style=\"color: #000000;\"><span style=\"font-family: Calibri Light,serif;\"><span lang=\"es-ES\"><b>\u00bfCU\u00c1LES SON LOS CRITERIOS DE CONSERVACI\u00d3N DE LOS DATOS?<\/b><\/span><\/span><\/span><\/p>\n<p align=\"JUSTIFY\"><span style=\"color: #333333;\">Conservaremos los datos durante el periodo de prescripci\u00f3n de las obligaciones legales, y entretanto contin\u00fae existiendo inter\u00e9s en mantener las relaciones por ambas partes, de manera que procederemos a la supresi\u00f3n de los mismos cuando ya no sea necesario alcanzar las finalidades que hubieran justificado el tratamiento de los mismos.<\/span><\/p>\n<p align=\"JUSTIFY\"><span style=\"color: #333333;\">Los curr\u00edculos recibidos ser\u00e1n destruidos en caso de que fueran descartados de los posibles procesos de selecci\u00f3n que pudi\u00e9ramos realizar, conserv\u00e1ndolos un periodo m\u00e1ximo de un a\u00f1o.<\/span><\/p>\n<p align=\"JUSTIFY\"><span style=\"color: #333333;\"><b>\u00bfCU\u00c1LES SON LOS DESTINATARIOS DE LA INFORMACI\u00d3N?<\/b><\/span><\/p>\n<p align=\"JUSTIFY\"><span style=\"color: #333333;\">Las im\u00e1genes de los interesados podr\u00e1n ser publicadas en nuestra web y redes sociales siempre que lo hubieran consentido. <\/span><\/p>\n<p align=\"JUSTIFY\"><span style=\"color: #333333;\">Los datos de los socios ser\u00e1n cedidos al Real Madrid Club de Futbol, Fundaci\u00f3n Real Madrid y otras entidades relacionadas con el Real Madrid para la gesti\u00f3n de las actividades relacionadas con la \u201cAsociaci\u00f3n Pe\u00f1a Real Madrid Mazacotero\u201d. As\u00ed mismo, sus datos podr\u00e1n ser cedidos a otras entidades vinculadas al Real Madrid para su tratamiento a efectos electorales, prospecci\u00f3n comercial u ofertas de servicios o productos en general que puedan ser ventajosos para el socio por el hecho de pertenecer a esta Asociaci\u00f3n. Cuando la \u201cAsociaci\u00f3n Pe\u00f1a Real Madrid Mazacotero\u201d organice viajes o salidas con el club, se comunicar\u00e1n los datos de las personas interesadas a las compa\u00f1\u00edas a\u00e9reas, terrestres o las diferentes cadenas hoteleras, con la finalidad de prestar el servicio de alojamiento o transporte. <\/span><\/p>\n<p align=\"JUSTIFY\"><span style=\"color: #333333;\">No cederemos otra informaci\u00f3n a terceros salvo obligaci\u00f3n legal, o bien en el caso de que usted preste su consentimiento expreso e inequ\u00edvoco. <\/span><\/p>\n<p align=\"JUSTIFY\"><a name=\"_GoBack\"><\/a> <span style=\"color: #333333;\"><b>\u00bfEXISTEN TRANSFERENCIAS INTERNACIONALES DE DATOS?<\/b><\/span><\/p>\n<p align=\"JUSTIFY\"><span style=\"color: #333333;\">Le informamos que, al usar los servicios de algunas redes sociales, como Facebook, Twitter, Youtube, LinkedIn, Google +, Whatsapp o Instagram, se puede producir Transferencias Internacionales de datos fuera de la UE en pa\u00edses como Estados Unidos, que no gozan de nivel adecuado de protecci\u00f3n de datos, aunque sin embargo estas empresas est\u00e1n han sido incluidas dentro del marco de Privacy Shield que les permite el tratamiento de datos a ciudadanos europeos. Estas redes sociales y sus socios operan a nivel global y usan cookies para la realizaci\u00f3n de estad\u00edsticas, la personalizaci\u00f3n y los anuncios, entre otros. <\/span><\/p>\n<p align=\"JUSTIFY\"><span style=\"color: #333333;\">Tenga en cuenta esta informaci\u00f3n si usted nos permite publicar en alguna ocasi\u00f3n algunos de sus datos en las redes sociales en las que tengamos un perfil abierto.<\/span><\/p>\n<p align=\"JUSTIFY\"><span style=\"color: #333333;\"><b>\u00bfQU\u00c9 DERECHOS TIENEN LOS INTERESADOS?<\/b><\/span><\/p>\n<p align=\"JUSTIFY\"><span style=\"color: #333333;\">Cualquier persona tiene derecho a obtener confirmaci\u00f3n sobre si estamos tratando datos personales que les conciernan, o no.<\/span><\/p>\n<p align=\"JUSTIFY\"><span style=\"color: #333333;\">Las personas interesadas tienen derecho a si acceder a sus datos personales, as\u00ed como a solicitar la rectificaci\u00f3n de los datos inexactos o, en su caso, solicitar su supresi\u00f3n cuando, entre otros motivos, los datos ya no sean necesarios para los fines que fueron recogidos.<\/span><\/p>\n<p align=\"JUSTIFY\"><span style=\"color: #333333;\">En determinadas circunstancias, los interesados podr\u00e1n solicitar la limitaci\u00f3n del tratamiento de sus datos, en cuyo caso \u00fanicamente los conservaremos para el ejercicio o la defensa de reclamaciones.<\/span><\/p>\n<p align=\"JUSTIFY\"><span style=\"color: #333333;\">En determinadas circunstancias y por motivos relacionados con su situaci\u00f3n particular, los interesados podr\u00e1n oponerse al tratamiento de sus datos. En este caso dejaremos de tratar los datos, salvo por motivos leg\u00edtimos imperiosos, o el ejercicio o la defensa de posibles reclamaciones.<\/span><\/p>\n<p align=\"JUSTIFY\"><span style=\"color: #333333;\">Tambi\u00e9n tendr\u00e1n derecho a retirar el consentimiento al tratamiento de sus datos en cualquier momento cuando la base que leg\u00edtima el mismo sea la obtenci\u00f3n del propio consentimiento del interesado.<\/span><\/p>\n<p align=\"JUSTIFY\"><span style=\"color: #333333;\">Podr\u00e1n presentar una reclamaci\u00f3n ante la Autoridad de Control en materia de Protecci\u00f3n de Datos competente, como la Agencia Espa\u00f1ola de Protecci\u00f3n de datos, especialmente cuando no haya obtenido satisfacci\u00f3n en el ejercicio de sus derechos o crea que el tratamiento de datos no es adecuado con la legalidad vigente.<\/span><\/p>\n<p align=\"JUSTIFY\"><span style=\"color: #333333;\"><b>\u00bfD\u00d3NDE PUEDE EJERCER LOS DERECHOS?<\/b><\/span><\/p>\n<p align=\"JUSTIFY\"><span style=\"color: #333333;\">Mediante comunicaci\u00f3n escrita dirigida a ASOCIACI\u00d3N PE\u00d1A REAL MADRID MAZACOTERO, CARRETERA DE ALBARREAL DEL TAJO, 2 &#8211; 45500 TORRIJOS (TOLEDO) o bien, mediante el env\u00edo de un correo electr\u00f3nico a la direcci\u00f3n oas@pe\u00f1arealmadridmazacotero.es, identific\u00e1ndose y concretando su solicitud aportando fotocopia del DNI o documento equivalente.<\/span><\/p>\n<p align=\"JUSTIFY\"><span style=\"color: #333333;\">En las comunicaciones comerciales incluido los newsletter usted podr\u00e1 revocar el consentimiento otorgado mediante el env\u00edo de un correo electr\u00f3nico a nuestra direcci\u00f3n oas@pe\u00f1arealmadridmazacotero.es indicando en el mensaje la frase \u201cBaja del Servicio de Comunicaciones\u201d, o bien pulsando sobre el enlace de baja si en el mensaje del correo as\u00ed se indica. <\/span><\/p>\n<p align=\"JUSTIFY\"><span style=\"color: #333333;\">ASOCIACI\u00d3N PE\u00d1A REAL MADRID MAZACOTERO podr\u00e1 utilizar cookies durante la prestaci\u00f3n de servicios del sitio web <\/span>(ver pol\u00edtica de cookies).<\/p>\n<p align=\"JUSTIFY\"><span style=\"color: #333333;\">Aceptaci\u00f3n y Consentimiento.<\/span><\/p>\n<p align=\"JUSTIFY\"><span style=\"color: #333333;\">El usuario manifiesta que ha sido informado sobre nuestra pol\u00edtica de protecci\u00f3n de datos y consiente su tratamiento con las finalidades expresadas anteriormente. Se advierte que algunos de los servicios prestrados en la Web podr\u00e1n tener condiciones particulares, en tal caso se informar\u00e1 debidamente a los usuarios.<\/span><\/p>\n<p align=\"JUSTIFY\"><b>MENORES DE EDAD<\/b><\/p>\n<p align=\"JUSTIFY\"><span style=\"color: #333333;\">No recopilamos ni solicitamos informaci\u00f3n personal de forma intencionada a ning\u00fan menor de 14 a\u00f1os de edad. Para hacer uso de los Servicios los menores de edad deben obtener previamente permiso de sus padres, tutores o representantes legales, quienes ser\u00e1n considerados responsables de todos los actos realizados por los menores a su cargo.<\/span><\/p>\n<p align=\"JUSTIFY\"><span style=\"color: #333333;\">La plena responsabilidad en la determinaci\u00f3n de los concretos contenidos y Servicios a los que acceden los menores de edad corresponde a los mayores a cuyo cargo se encuentran. Como Internet hace posible el acceso a contenidos que pueden no ser apropiados para menores, se informa a los Usuarios de que existen mecanismos, en particular programas inform\u00e1ticos de filtro y bloqueo, que permiten limitar los contenidos disponibles y, aunque no resultan infalibles, son de especial utilidad para controlar y restringir los materiales a los que pueden acceder los menores.<\/span><\/p>\n<p align=\"JUSTIFY\"><span style=\"color: #333333;\">Entidad adaptada a las normativas de privacidad por ARCODATOS <\/span><a href=\"http:\/\/www.protecciondedatos.com.es\">www.protecciondedatos.com.es<\/a> <a href=\"http:\/\/www.arcodatos.comv\">www.arcodatos.com<\/a><\/p>\n<p align=\"JUSTIFY\"><span style=\"color: #333333;\">Fecha del documento: <\/span>16\/12\/17<\/p>\n<p align=\"JUSTIFY\">\n","protected":false},"excerpt":{"rendered":"<div class=\"mh-excerpt\"><p>POL\u00cdTICA DE PRIVACIDAD DEL SITIO WEB www.pe\u00f1arealmadridmazacotero.es La presente pol\u00edtica de privacidad describe las formas en la que recogemos la informaci\u00f3n, con qu\u00e9 fin la <a class=\"mh-excerpt-more\" href=\"http:\/\/www.xn--pearealmadridmazacotero-thc.es\/?page_id=9972\" title=\"POLITICA DE PRIVACIDAD\">[&#8230;]<\/a><\/p>\n<\/div>","protected":false},"author":1,"featured_media":0,"parent":0,"menu_order":0,"comment_status":"closed","ping_status":"closed","template":"","meta":{"footnotes":""},"class_list":["post-9972","page","type-page","status-publish","hentry"],"_links":{"self":[{"href":"http:\/\/www.xn--pearealmadridmazacotero-thc.es\/index.php?rest_route=\/wp\/v2\/pages\/9972","targetHints":{"allow":["GET"]}}],"collection":[{"href":"http:\/\/www.xn--pearealmadridmazacotero-thc.es\/index.php?rest_route=\/wp\/v2\/pages"}],"about":[{"href":"http:\/\/www.xn--pearealmadridmazacotero-thc.es\/index.php?rest_route=\/wp\/v2\/types\/page"}],"author":[{"embeddable":true,"href":"http:\/\/www.xn--pearealmadridmazacotero-thc.es\/index.php?rest_route=\/wp\/v2\/users\/1"}],"replies":[{"embeddable":true,"href":"http:\/\/www.xn--pearealmadridmazacotero-thc.es\/index.php?rest_route=%2Fwp%2Fv2%2Fcomments&post=9972"}],"version-history":[{"count":1,"href":"http:\/\/www.xn--pearealmadridmazacotero-thc.es\/index.php?rest_route=\/wp\/v2\/pages\/9972\/revisions"}],"predecessor-version":[{"id":9973,"href":"http:\/\/www.xn--pearealmadridmazacotero-thc.es\/index.php?rest_route=\/wp\/v2\/pages\/9972\/revisions\/9973"}],"wp:attachment":[{"href":"http:\/\/www.xn--pearealmadridmazacotero-thc.es\/index.php?rest_route=%2Fwp%2Fv2%2Fmedia&parent=9972"}],"curies":[{"name":"wp","href":"https:\/\/api.w.org\/{rel}","templated":true}]}}