{"id":92,"date":"2015-03-26T22:30:41","date_gmt":"2015-03-26T22:30:41","guid":{"rendered":"http:\/\/www.decoracionesgallardo.com\/?page_id=92"},"modified":"2024-05-02T18:56:46","modified_gmt":"2024-05-02T18:56:46","slug":"junta-directiva","status":"publish","type":"page","link":"http:\/\/www.xn--pearealmadridmazacotero-thc.es\/?page_id=92","title":{"rendered":"Junta Directiva"},"content":{"rendered":"<p style=\"text-align: center;\">Presidente: Jos\u00e9 Carlos Romero Garc\u00eda<br \/>\nVicepresidente: Jes\u00fas Tritencio Ruiz<br \/>\nTesorero: Manuel Arce Alba<br \/>\nSecretario: Pedro Pablo Grande Cobas<br \/>\nVicesecretario: Miguel Angel Lechado Rabasco<br \/>\nVocal: Alonso Torres Lobato<br \/>\nVocal: Francisco Javier D\u00edaz Palomo<br \/>\nVocal: Pablo Melgar Ben\u00edtez<br \/>\nVocal: Oscar Rodr\u00edguez L\u00f3pez<br \/>\nVocal: Jos\u00e9 Luis Gonz\u00e1lez Nombela<br \/>\nVocal: Eduardo Garc\u00eda Fern\u00e1ndez<\/p>\n<p style=\"text-align: center;\"><strong> Responsable p\u00e1gina web:<\/strong><\/p>\n<p style=\"text-align: center;\">Agust\u00edn P\u00e9rez L\u00f3pez<\/p>\n<p style=\"text-align: center;\"><strong>Celebraci\u00f3n de la Junta General Ordinaria y Extraordinaria:<\/strong><\/p>\n<p style=\"text-align: center;\">El primer domingo del Mes de Julio de cada a\u00f1o<\/p>\n<p><a href=\"http:\/\/www.jamoneselchato.com\/\"><img loading=\"lazy\" decoding=\"async\" class=\"alignnone wp-image-325\" src=\"http:\/\/www.xn--pearealmadridmazacotero-thc.es\/wp-content\/uploads\/2015\/05\/jamones_elchato_pe\u00f1amazacotero1-300x208.png\" alt=\"jamones_elchato_pe\u00f1amazacotero\" width=\"150\" height=\"104\" srcset=\"http:\/\/www.xn--pearealmadridmazacotero-thc.es\/wp-content\/uploads\/2015\/05\/jamones_elchato_pe\u00f1amazacotero1-300x208.png 300w, http:\/\/www.xn--pearealmadridmazacotero-thc.es\/wp-content\/uploads\/2015\/05\/jamones_elchato_pe\u00f1amazacotero1.png 750w\" sizes=\"auto, (max-width: 150px) 100vw, 150px\" \/><\/a>\u00a0\u00a0 <a href=\"http:\/\/www.itvtorrijos.es\/\"><img loading=\"lazy\" decoding=\"async\" class=\"alignnone wp-image-393\" src=\"http:\/\/www.xn--pearealmadridmazacotero-thc.es\/wp-content\/uploads\/2015\/03\/ITV-2menos1-300x150.jpg\" alt=\"Lona\" width=\"180\" height=\"90\" srcset=\"http:\/\/www.xn--pearealmadridmazacotero-thc.es\/wp-content\/uploads\/2015\/03\/ITV-2menos1-300x150.jpg 300w, http:\/\/www.xn--pearealmadridmazacotero-thc.es\/wp-content\/uploads\/2015\/03\/ITV-2menos1.jpg 740w\" sizes=\"auto, (max-width: 180px) 100vw, 180px\" \/><\/a>\u00a0 \u00a0\u00a0<a href=\"http:\/\/www.espanahijos.com\/\"><img loading=\"lazy\" decoding=\"async\" class=\"alignnone wp-image-394\" src=\"http:\/\/www.xn--pearealmadridmazacotero-thc.es\/wp-content\/uploads\/2015\/03\/espana-menos11-300x162.jpg\" alt=\"espana-menos1\" width=\"175\" height=\"95\" srcset=\"http:\/\/www.xn--pearealmadridmazacotero-thc.es\/wp-content\/uploads\/2015\/03\/espana-menos11-300x162.jpg 300w, http:\/\/www.xn--pearealmadridmazacotero-thc.es\/wp-content\/uploads\/2015\/03\/espana-menos11.jpg 700w\" sizes=\"auto, (max-width: 175px) 100vw, 175px\" \/><\/a><\/p>\n<p><a href=\"http:\/\/www.olivardesantateresa.es\/\"><img loading=\"lazy\" decoding=\"async\" class=\"alignnone wp-image-327\" src=\"http:\/\/www.xn--pearealmadridmazacotero-thc.es\/wp-content\/uploads\/2015\/05\/Olivar-logo.gif\" alt=\"Olivar-logo\" width=\"180\" height=\"122\" \/><\/a>\u00a0 \u00a0 \u00a0 \u00a0 \u00a0\u00a0<a href=\"http:\/\/www.xn--pearealmadridmazacotero-thc.es\/wp-content\/uploads\/2015\/09\/t1he-travel-brand.jpg\"><img loading=\"lazy\" decoding=\"async\" class=\"alignnone wp-image-2169\" src=\"http:\/\/www.xn--pearealmadridmazacotero-thc.es\/wp-content\/uploads\/2015\/09\/t1he-travel-brand-500x354.jpg\" alt=\"t1he travel brand\" width=\"190\" height=\"134\" srcset=\"http:\/\/www.xn--pearealmadridmazacotero-thc.es\/wp-content\/uploads\/2015\/09\/t1he-travel-brand-500x354.jpg 500w, http:\/\/www.xn--pearealmadridmazacotero-thc.es\/wp-content\/uploads\/2015\/09\/t1he-travel-brand-1024x725.jpg 1024w, http:\/\/www.xn--pearealmadridmazacotero-thc.es\/wp-content\/uploads\/2015\/09\/t1he-travel-brand.jpg 1400w\" sizes=\"auto, (max-width: 190px) 100vw, 190px\" \/><\/a>\u00a0 \u00a0 \u00a0 \u00a0 \u00a0\u00a0<a href=\"http:\/\/www.olivardesantateresa.es\/\"><img loading=\"lazy\" decoding=\"async\" class=\"alignnone wp-image-356\" src=\"http:\/\/www.xn--pearealmadridmazacotero-thc.es\/wp-content\/uploads\/2015\/05\/logo-melibea-176x300.jpg\" alt=\"logo melibea\" width=\"82\" height=\"140\" srcset=\"http:\/\/www.xn--pearealmadridmazacotero-thc.es\/wp-content\/uploads\/2015\/05\/logo-melibea-176x300.jpg 176w, http:\/\/www.xn--pearealmadridmazacotero-thc.es\/wp-content\/uploads\/2015\/05\/logo-melibea-600x1024.jpg 600w, http:\/\/www.xn--pearealmadridmazacotero-thc.es\/wp-content\/uploads\/2015\/05\/logo-melibea.jpg 744w\" sizes=\"auto, (max-width: 82px) 100vw, 82px\" \/><\/a><\/p>\n","protected":false},"excerpt":{"rendered":"<div class=\"mh-excerpt\"><p>Presidente: Jos\u00e9 Carlos Romero Garc\u00eda Vicepresidente: Jes\u00fas Tritencio Ruiz Tesorero: Manuel Arce Alba Secretario: Pedro Pablo Grande Cobas Vicesecretario: Miguel Angel Lechado Rabasco Vocal: Alonso <a class=\"mh-excerpt-more\" href=\"http:\/\/www.xn--pearealmadridmazacotero-thc.es\/?page_id=92\" title=\"Junta Directiva\">[&#8230;]<\/a><\/p>\n<\/div>","protected":false},"author":1,"featured_media":0,"parent":0,"menu_order":0,"comment_status":"closed","ping_status":"closed","template":"","meta":{"footnotes":""},"class_list":["post-92","page","type-page","status-publish","hentry"],"_links":{"self":[{"href":"http:\/\/www.xn--pearealmadridmazacotero-thc.es\/index.php?rest_route=\/wp\/v2\/pages\/92","targetHints":{"allow":["GET"]}}],"collection":[{"href":"http:\/\/www.xn--pearealmadridmazacotero-thc.es\/index.php?rest_route=\/wp\/v2\/pages"}],"about":[{"href":"http:\/\/www.xn--pearealmadridmazacotero-thc.es\/index.php?rest_route=\/wp\/v2\/types\/page"}],"author":[{"embeddable":true,"href":"http:\/\/www.xn--pearealmadridmazacotero-thc.es\/index.php?rest_route=\/wp\/v2\/users\/1"}],"replies":[{"embeddable":true,"href":"http:\/\/www.xn--pearealmadridmazacotero-thc.es\/index.php?rest_route=%2Fwp%2Fv2%2Fcomments&post=92"}],"version-history":[{"count":7,"href":"http:\/\/www.xn--pearealmadridmazacotero-thc.es\/index.php?rest_route=\/wp\/v2\/pages\/92\/revisions"}],"predecessor-version":[{"id":16448,"href":"http:\/\/www.xn--pearealmadridmazacotero-thc.es\/index.php?rest_route=\/wp\/v2\/pages\/92\/revisions\/16448"}],"wp:attachment":[{"href":"http:\/\/www.xn--pearealmadridmazacotero-thc.es\/index.php?rest_route=%2Fwp%2Fv2%2Fmedia&parent=92"}],"curies":[{"name":"wp","href":"https:\/\/api.w.org\/{rel}","templated":true}]}}