{"id":7,"date":"2015-03-16T19:24:07","date_gmt":"2015-03-16T19:24:07","guid":{"rendered":"http:\/\/www.decoracionesgallardo.com\/?page_id=7"},"modified":"2016-03-27T22:00:17","modified_gmt":"2016-03-27T22:00:17","slug":"fundacion","status":"publish","type":"page","link":"http:\/\/www.xn--pearealmadridmazacotero-thc.es\/?page_id=7","title":{"rendered":"FUNDACION"},"content":{"rendered":"<p style=\"text-align: justify;\">En el \u00faltimo partido de Liga de la temporada 82-83 nuestro primer presidente y fundador de la Pe\u00f1a, \u00c1ngel del \u00c1lamo, se desplaz\u00f3 en su coche a Valencia al estadio de Mestalla para presenciar el decisivo encuentro entre el Valencia y el Real Madrid, a nuestro equipo s\u00f3lo le bastaba conseguir un empate para quedar Campe\u00f3n pero desgraciadamente perdimos el partido por 1-0 con gol de Tendillo. El Athletic Club de Bilbao, que era el equipo con el que nos disput\u00e1bamos la Liga, gole\u00f3 1-5 a Las Palmas proclam\u00e1ndose campe\u00f3n, ante la desilusi\u00f3n de todos los madridistas.<br \/>\nAl regreso a Torrijos, con la sana envidia despu\u00e9s de ver por carretera infinidad de autobuses de pe\u00f1as madridistas y el ambiente vivido antes del partido, decidi\u00f3 proponer al propietario del bar, Jes\u00fas Cabezas, donde sol\u00eda acudir los fines de semana a jugar su partida de mus, el hacer una pe\u00f1a del Real Madrid. Esta proposici\u00f3n le pareci\u00f3 a \u00e9ste una gran idea y a partir de ese momento se lo empezaron a comentar a todos los amigos y aficionados madridistas que conoc\u00edan y as\u00ed fue como se cre\u00f3 la pe\u00f1a.<br \/>\nParalelamente nos \u00edbamos informando de los tr\u00e1mites necesarios para dar forma legal a la pe\u00f1a. Tras elaborar toda la documentaci\u00f3n y presentarla en los correspondientes Organismos Oficiales, nuestra pe\u00f1a qued\u00f3 constituida como asociaci\u00f3n el 18 de Julio de 1983, quedando inscrita como Pe\u00f1a Oficial del Real Madrid. En este primer a\u00f1o la Pe\u00f1a contaba con 138 socios, de los cuales 64 eran socios y abonados al Real Madrid.<br \/>\nDe los inicios mencionar entre otros muchos a Eusebio Arevalillo, Jes\u00fas L\u00f3pez, \u00c1ngel Cordero, Fernando Garc\u00eda, Antonio Alba, Adolfo Ram\u00edrez, Teodoro Rodr\u00edguez Parra y Juan L\u00f3pez, quienes contribuyeron de forma decisiva a poner en marcha el proyecto y que junto a Jes\u00fas Cabezas y al referente siempre de la pe\u00f1a \u00c1ngel del Alamo, constituyeron la primera Junta Directiva, siendo socios fundadores de la misma.<\/p>\n<p style=\"text-align: justify;\"><a href=\"http:\/\/www.xn--pearealmadridmazacotero-thc.es\/wp-content\/uploads\/2015\/04\/PE\u00d1A_MAZACOTERO.2.jpg\"><img loading=\"lazy\" decoding=\"async\" class=\"alignleft wp-image-164\" src=\"http:\/\/www.xn--pearealmadridmazacotero-thc.es\/wp-content\/uploads\/2015\/04\/PE\u00d1A_MAZACOTERO.2.jpg\" alt=\"PE\u00d1A_MAZACOTERO.2\" width=\"468\" height=\"321\" \/><\/a><\/p>\n<p style=\"text-align: justify;\"><strong>PRESIDENTES:<\/strong><br \/>\n\u00c1ngel del Alamo Casta\u00f1o<br \/>\n1983\/1984 a 1986\/1987<br \/>\nJes\u00fas L\u00f3pez L\u00f3pez<br \/>\n1987\/1988 a 1989\/1990<br \/>\nDionisio Davila Rojas<br \/>\n1990\/1991 a 1991\/1992<br \/>\nC\u00e9sar Guti\u00e9rrez S\u00e1nchez-Caro<br \/>\n1992\/1993 a 2001\/2002<br \/>\n\u00c1ngel del Alamo Casta\u00f1o<br \/>\n2002\/2003 a 2014\/2015<br \/>\nJos\u00e9 Carlos Romero Garc\u00eda<br \/>\n2015\/2016<\/p>\n<p>&nbsp;<\/p>\n<p>&nbsp;<\/p>\n<p>&nbsp;<\/p>\n<p><a href=\"http:\/\/www.jamoneselchato.com\/\"><img loading=\"lazy\" decoding=\"async\" class=\"alignnone wp-image-325\" src=\"http:\/\/www.xn--pearealmadridmazacotero-thc.es\/wp-content\/uploads\/2015\/05\/jamones_elchato_pe\u00f1amazacotero1-300x208.png\" alt=\"jamones_elchato_pe\u00f1amazacotero\" width=\"150\" height=\"104\" srcset=\"http:\/\/www.xn--pearealmadridmazacotero-thc.es\/wp-content\/uploads\/2015\/05\/jamones_elchato_pe\u00f1amazacotero1-300x208.png 300w, http:\/\/www.xn--pearealmadridmazacotero-thc.es\/wp-content\/uploads\/2015\/05\/jamones_elchato_pe\u00f1amazacotero1.png 750w\" sizes=\"auto, (max-width: 150px) 100vw, 150px\" \/><\/a>\u00a0\u00a0 <a href=\"http:\/\/www.itvtorrijos.es\/\"><img loading=\"lazy\" decoding=\"async\" class=\"alignnone wp-image-393\" src=\"http:\/\/www.xn--pearealmadridmazacotero-thc.es\/wp-content\/uploads\/2015\/03\/ITV-2menos1-300x150.jpg\" alt=\"Lona\" width=\"180\" height=\"90\" srcset=\"http:\/\/www.xn--pearealmadridmazacotero-thc.es\/wp-content\/uploads\/2015\/03\/ITV-2menos1-300x150.jpg 300w, http:\/\/www.xn--pearealmadridmazacotero-thc.es\/wp-content\/uploads\/2015\/03\/ITV-2menos1.jpg 740w\" sizes=\"auto, (max-width: 180px) 100vw, 180px\" \/><\/a>\u00a0 \u00a0\u00a0<a href=\"http:\/\/www.espanahijos.com\/\"><img loading=\"lazy\" decoding=\"async\" class=\"alignnone wp-image-394\" src=\"http:\/\/www.xn--pearealmadridmazacotero-thc.es\/wp-content\/uploads\/2015\/03\/espana-menos11-300x162.jpg\" alt=\"espana-menos1\" width=\"175\" height=\"95\" srcset=\"http:\/\/www.xn--pearealmadridmazacotero-thc.es\/wp-content\/uploads\/2015\/03\/espana-menos11-300x162.jpg 300w, http:\/\/www.xn--pearealmadridmazacotero-thc.es\/wp-content\/uploads\/2015\/03\/espana-menos11.jpg 700w\" sizes=\"auto, (max-width: 175px) 100vw, 175px\" \/><\/a><\/p>\n<p><a href=\"http:\/\/www.olivardesantateresa.es\/\"><img loading=\"lazy\" decoding=\"async\" class=\"alignnone wp-image-327\" src=\"http:\/\/www.xn--pearealmadridmazacotero-thc.es\/wp-content\/uploads\/2015\/05\/Olivar-logo.gif\" alt=\"Olivar-logo\" width=\"180\" height=\"122\" \/><\/a>\u00a0 \u00a0 \u00a0 \u00a0 \u00a0\u00a0<a href=\"http:\/\/www.bthetravelbrand.com\/\"><img loading=\"lazy\" decoding=\"async\" class=\"alignnone wp-image-2169\" src=\"http:\/\/www.xn--pearealmadridmazacotero-thc.es\/wp-content\/uploads\/2015\/09\/t1he-travel-brand-500x354.jpg\" alt=\"t1he travel brand\" width=\"190\" height=\"134\" srcset=\"http:\/\/www.xn--pearealmadridmazacotero-thc.es\/wp-content\/uploads\/2015\/09\/t1he-travel-brand-500x354.jpg 500w, http:\/\/www.xn--pearealmadridmazacotero-thc.es\/wp-content\/uploads\/2015\/09\/t1he-travel-brand-1024x725.jpg 1024w, http:\/\/www.xn--pearealmadridmazacotero-thc.es\/wp-content\/uploads\/2015\/09\/t1he-travel-brand.jpg 1400w\" sizes=\"auto, (max-width: 190px) 100vw, 190px\" \/><\/a>\u00a0 \u00a0 \u00a0 \u00a0 \u00a0\u00a0<a href=\"http:\/\/www.olivardesantateresa.es\/\"><img loading=\"lazy\" decoding=\"async\" class=\"alignnone wp-image-356\" src=\"http:\/\/www.xn--pearealmadridmazacotero-thc.es\/wp-content\/uploads\/2015\/05\/logo-melibea-176x300.jpg\" alt=\"logo melibea\" width=\"82\" height=\"140\" srcset=\"http:\/\/www.xn--pearealmadridmazacotero-thc.es\/wp-content\/uploads\/2015\/05\/logo-melibea-176x300.jpg 176w, http:\/\/www.xn--pearealmadridmazacotero-thc.es\/wp-content\/uploads\/2015\/05\/logo-melibea-600x1024.jpg 600w, http:\/\/www.xn--pearealmadridmazacotero-thc.es\/wp-content\/uploads\/2015\/05\/logo-melibea.jpg 744w\" sizes=\"auto, (max-width: 82px) 100vw, 82px\" \/><\/a><\/p>\n","protected":false},"excerpt":{"rendered":"<div class=\"mh-excerpt\"><p>En el \u00faltimo partido de Liga de la temporada 82-83 nuestro primer presidente y fundador de la Pe\u00f1a, \u00c1ngel del \u00c1lamo, se desplaz\u00f3 en su <a class=\"mh-excerpt-more\" href=\"http:\/\/www.xn--pearealmadridmazacotero-thc.es\/?page_id=7\" title=\"FUNDACION\">[&#8230;]<\/a><\/p>\n<\/div>","protected":false},"author":1,"featured_media":0,"parent":0,"menu_order":0,"comment_status":"closed","ping_status":"closed","template":"","meta":{"footnotes":""},"class_list":["post-7","page","type-page","status-publish","hentry"],"_links":{"self":[{"href":"http:\/\/www.xn--pearealmadridmazacotero-thc.es\/index.php?rest_route=\/wp\/v2\/pages\/7","targetHints":{"allow":["GET"]}}],"collection":[{"href":"http:\/\/www.xn--pearealmadridmazacotero-thc.es\/index.php?rest_route=\/wp\/v2\/pages"}],"about":[{"href":"http:\/\/www.xn--pearealmadridmazacotero-thc.es\/index.php?rest_route=\/wp\/v2\/types\/page"}],"author":[{"embeddable":true,"href":"http:\/\/www.xn--pearealmadridmazacotero-thc.es\/index.php?rest_route=\/wp\/v2\/users\/1"}],"replies":[{"embeddable":true,"href":"http:\/\/www.xn--pearealmadridmazacotero-thc.es\/index.php?rest_route=%2Fwp%2Fv2%2Fcomments&post=7"}],"version-history":[{"count":7,"href":"http:\/\/www.xn--pearealmadridmazacotero-thc.es\/index.php?rest_route=\/wp\/v2\/pages\/7\/revisions"}],"predecessor-version":[{"id":2231,"href":"http:\/\/www.xn--pearealmadridmazacotero-thc.es\/index.php?rest_route=\/wp\/v2\/pages\/7\/revisions\/2231"}],"wp:attachment":[{"href":"http:\/\/www.xn--pearealmadridmazacotero-thc.es\/index.php?rest_route=%2Fwp%2Fv2%2Fmedia&parent=7"}],"curies":[{"name":"wp","href":"https:\/\/api.w.org\/{rel}","templated":true}]}}