{"id":149,"date":"2015-04-07T10:28:03","date_gmt":"2015-04-07T10:28:03","guid":{"rendered":"http:\/\/www.decoracionesgallardo.com\/?page_id=149"},"modified":"2017-01-03T09:56:57","modified_gmt":"2017-01-03T09:56:57","slug":"contacto","status":"publish","type":"page","link":"http:\/\/www.xn--pearealmadridmazacotero-thc.es\/?page_id=149","title":{"rendered":"CONTACTO"},"content":{"rendered":"<p><strong><a href=\"http:\/\/www.xn--pearealmadridmazacotero-thc.es\/wp-content\/uploads\/2015\/03\/sede.jpg\"><img loading=\"lazy\" decoding=\"async\" class=\"alignnone size-medium wp-image-138\" src=\"http:\/\/www.xn--pearealmadridmazacotero-thc.es\/wp-content\/uploads\/2015\/03\/sede-300x209.jpg\" alt=\"sede\" width=\"300\" height=\"209\" srcset=\"http:\/\/www.xn--pearealmadridmazacotero-thc.es\/wp-content\/uploads\/2015\/03\/sede-300x209.jpg 300w, http:\/\/www.xn--pearealmadridmazacotero-thc.es\/wp-content\/uploads\/2015\/03\/sede.jpg 334w\" sizes=\"auto, (max-width: 300px) 100vw, 300px\" \/><\/a><\/strong><\/p>\n<p><strong>SEDE SOCIAL:<\/strong><\/p>\n<p>Local de 130 metros cuadrados en propiedad, inaugurado el d\u00eda 10 de octubre de 2004.<\/p>\n<p>Ctra. Albarreal, n\u00ba 2<\/p>\n<p>Tel\u00e9fono: 925 77 20 20<\/p>\n<p>Fax: 925 925 77 20 20<\/p>\n<p>45500-TORRIJOS (TOLEDO)-SPAIN<\/p>\n<p>e-mail:\u00a0<span style=\"font-size: 0.95em; line-height: 1.6em;\">oas@pe\u00f1arealmadridmazacotero.es<\/span><\/p>\n<p>www.pe\u00f1arealmadridmazacotero.es<\/p>\n<p><strong>HORARIO de atenci\u00f3n al p\u00fablico<\/strong><\/p>\n<p>Jueves y viernes:<\/p>\n<p>19 a 21\u00a0h.<\/p>\n<p>S\u00e1bados: 12 a 14 h.<\/p>\n<p>Los d\u00edas de partidos hasta la finalizaci\u00f3n del mismo<\/p>\n<p>&nbsp;<\/p>\n<p><a href=\"http:\/\/www.jamoneselchato.com\/\"><img loading=\"lazy\" decoding=\"async\" class=\"alignnone wp-image-325\" src=\"http:\/\/www.xn--pearealmadridmazacotero-thc.es\/wp-content\/uploads\/2015\/05\/jamones_elchato_pe\u00f1amazacotero1-300x208.png\" alt=\"jamones_elchato_pe\u00f1amazacotero\" width=\"150\" height=\"104\" srcset=\"http:\/\/www.xn--pearealmadridmazacotero-thc.es\/wp-content\/uploads\/2015\/05\/jamones_elchato_pe\u00f1amazacotero1-300x208.png 300w, http:\/\/www.xn--pearealmadridmazacotero-thc.es\/wp-content\/uploads\/2015\/05\/jamones_elchato_pe\u00f1amazacotero1.png 750w\" sizes=\"auto, (max-width: 150px) 100vw, 150px\" \/><\/a>\u00a0\u00a0 <a href=\"http:\/\/www.itvtorrijos.es\/\"><img loading=\"lazy\" decoding=\"async\" class=\"alignnone wp-image-393\" src=\"http:\/\/www.xn--pearealmadridmazacotero-thc.es\/wp-content\/uploads\/2015\/03\/ITV-2menos1-300x150.jpg\" alt=\"Lona\" width=\"180\" height=\"90\" srcset=\"http:\/\/www.xn--pearealmadridmazacotero-thc.es\/wp-content\/uploads\/2015\/03\/ITV-2menos1-300x150.jpg 300w, http:\/\/www.xn--pearealmadridmazacotero-thc.es\/wp-content\/uploads\/2015\/03\/ITV-2menos1.jpg 740w\" sizes=\"auto, (max-width: 180px) 100vw, 180px\" \/><\/a>\u00a0 \u00a0\u00a0<a href=\"http:\/\/www.espanahijos.com\/\"><img loading=\"lazy\" decoding=\"async\" class=\"alignnone wp-image-394\" src=\"http:\/\/www.xn--pearealmadridmazacotero-thc.es\/wp-content\/uploads\/2015\/03\/espana-menos11-300x162.jpg\" alt=\"espana-menos1\" width=\"175\" height=\"95\" srcset=\"http:\/\/www.xn--pearealmadridmazacotero-thc.es\/wp-content\/uploads\/2015\/03\/espana-menos11-300x162.jpg 300w, http:\/\/www.xn--pearealmadridmazacotero-thc.es\/wp-content\/uploads\/2015\/03\/espana-menos11.jpg 700w\" sizes=\"auto, (max-width: 175px) 100vw, 175px\" \/><\/a><\/p>\n<p><a href=\"http:\/\/www.olivardesantateresa.es\/\"><img loading=\"lazy\" decoding=\"async\" class=\"alignnone wp-image-327\" src=\"http:\/\/www.xn--pearealmadridmazacotero-thc.es\/wp-content\/uploads\/2015\/05\/Olivar-logo.gif\" alt=\"Olivar-logo\" width=\"180\" height=\"122\" \/><\/a>\u00a0 \u00a0 \u00a0 \u00a0 \u00a0\u00a0<a href=\"http:\/\/www.xn--pearealmadridmazacotero-thc.es\/wp-content\/uploads\/2015\/09\/t1he-travel-brand.jpg\"><img loading=\"lazy\" decoding=\"async\" class=\"alignnone wp-image-2169\" src=\"http:\/\/www.xn--pearealmadridmazacotero-thc.es\/wp-content\/uploads\/2015\/09\/t1he-travel-brand-500x354.jpg\" alt=\"t1he travel brand\" width=\"190\" height=\"134\" srcset=\"http:\/\/www.xn--pearealmadridmazacotero-thc.es\/wp-content\/uploads\/2015\/09\/t1he-travel-brand-500x354.jpg 500w, http:\/\/www.xn--pearealmadridmazacotero-thc.es\/wp-content\/uploads\/2015\/09\/t1he-travel-brand-1024x725.jpg 1024w, http:\/\/www.xn--pearealmadridmazacotero-thc.es\/wp-content\/uploads\/2015\/09\/t1he-travel-brand.jpg 1400w\" sizes=\"auto, (max-width: 190px) 100vw, 190px\" \/><\/a>\u00a0 \u00a0 \u00a0 \u00a0 \u00a0\u00a0<a href=\"http:\/\/www.olivardesantateresa.es\/\"><img loading=\"lazy\" decoding=\"async\" class=\"alignnone wp-image-356\" src=\"http:\/\/www.xn--pearealmadridmazacotero-thc.es\/wp-content\/uploads\/2015\/05\/logo-melibea-176x300.jpg\" alt=\"logo melibea\" width=\"82\" height=\"140\" srcset=\"http:\/\/www.xn--pearealmadridmazacotero-thc.es\/wp-content\/uploads\/2015\/05\/logo-melibea-176x300.jpg 176w, http:\/\/www.xn--pearealmadridmazacotero-thc.es\/wp-content\/uploads\/2015\/05\/logo-melibea-600x1024.jpg 600w, http:\/\/www.xn--pearealmadridmazacotero-thc.es\/wp-content\/uploads\/2015\/05\/logo-melibea.jpg 744w\" sizes=\"auto, (max-width: 82px) 100vw, 82px\" \/><\/a><\/p>\n<p>&nbsp;<\/p>\n<p>&nbsp;<\/p>\n<p>Si alg\u00fan socios desea aportar material opaco o fotogr\u00e1fico o bien videos de inter\u00e9s hist\u00f3rico de la Pe\u00f1a para su inclusi\u00f3n en la p\u00e1gina web de la pe\u00f1a puede entregarlo en la sede de la Pe\u00f1a.<\/p>\n<p>&nbsp;<\/p>\n<p><a href=\"http:\/\/www.jamoneselchato.com\/\"><img loading=\"lazy\" decoding=\"async\" class=\"alignnone wp-image-325\" src=\"http:\/\/www.xn--pearealmadridmazacotero-thc.es\/wp-content\/uploads\/2015\/05\/jamones_elchato_pe\u00f1amazacotero1-300x208.png\" alt=\"jamones_elchato_pe\u00f1amazacotero\" width=\"150\" height=\"104\" srcset=\"http:\/\/www.xn--pearealmadridmazacotero-thc.es\/wp-content\/uploads\/2015\/05\/jamones_elchato_pe\u00f1amazacotero1-300x208.png 300w, http:\/\/www.xn--pearealmadridmazacotero-thc.es\/wp-content\/uploads\/2015\/05\/jamones_elchato_pe\u00f1amazacotero1.png 750w\" sizes=\"auto, (max-width: 150px) 100vw, 150px\" \/><\/a> <a href=\"http:\/\/www.itvtorrijos.es\/\"><img loading=\"lazy\" decoding=\"async\" class=\"alignnone wp-image-393\" src=\"http:\/\/www.xn--pearealmadridmazacotero-thc.es\/wp-content\/uploads\/2015\/03\/ITV-2menos1-300x150.jpg\" alt=\"Lona\" width=\"180\" height=\"90\" srcset=\"http:\/\/www.xn--pearealmadridmazacotero-thc.es\/wp-content\/uploads\/2015\/03\/ITV-2menos1-300x150.jpg 300w, http:\/\/www.xn--pearealmadridmazacotero-thc.es\/wp-content\/uploads\/2015\/03\/ITV-2menos1.jpg 740w\" sizes=\"auto, (max-width: 180px) 100vw, 180px\" \/><\/a>\u00a0\u00a0<a href=\"http:\/\/www.espanahijos.com\/\"><img loading=\"lazy\" decoding=\"async\" class=\"alignnone wp-image-394\" src=\"http:\/\/www.xn--pearealmadridmazacotero-thc.es\/wp-content\/uploads\/2015\/03\/espana-menos11-300x162.jpg\" alt=\"espana-menos1\" width=\"175\" height=\"95\" srcset=\"http:\/\/www.xn--pearealmadridmazacotero-thc.es\/wp-content\/uploads\/2015\/03\/espana-menos11-300x162.jpg 300w, http:\/\/www.xn--pearealmadridmazacotero-thc.es\/wp-content\/uploads\/2015\/03\/espana-menos11.jpg 700w\" sizes=\"auto, (max-width: 175px) 100vw, 175px\" \/><\/a><\/p>\n<p><a href=\"http:\/\/www.olivardesantateresa.es\/\"><img loading=\"lazy\" decoding=\"async\" class=\"alignnone wp-image-327\" src=\"http:\/\/www.xn--pearealmadridmazacotero-thc.es\/wp-content\/uploads\/2015\/05\/Olivar-logo.gif\" alt=\"Olivar-logo\" width=\"140\" height=\"95\" \/><\/a>\u00a0 \u00a0 \u00a0 \u00a0 \u00a0\u00a0<a href=\"http:\/\/www.barceloviajes.com\/\"><img loading=\"lazy\" decoding=\"async\" class=\"alignnone wp-image-330\" src=\"http:\/\/www.xn--pearealmadridmazacotero-thc.es\/wp-content\/uploads\/2015\/05\/Logo-BARCELO-VIAJES-300x300.jpg\" alt=\"Logo-BARCELO-VIAJES\" width=\"140\" height=\"140\" srcset=\"http:\/\/www.xn--pearealmadridmazacotero-thc.es\/wp-content\/uploads\/2015\/05\/Logo-BARCELO-VIAJES-300x300.jpg 300w, http:\/\/www.xn--pearealmadridmazacotero-thc.es\/wp-content\/uploads\/2015\/05\/Logo-BARCELO-VIAJES-150x150.jpg 150w, http:\/\/www.xn--pearealmadridmazacotero-thc.es\/wp-content\/uploads\/2015\/05\/Logo-BARCELO-VIAJES-1024x1024.jpg 1024w, http:\/\/www.xn--pearealmadridmazacotero-thc.es\/wp-content\/uploads\/2015\/05\/Logo-BARCELO-VIAJES.jpg 1200w\" sizes=\"auto, (max-width: 140px) 100vw, 140px\" \/><\/a>\u00a0 \u00a0 \u00a0 \u00a0 \u00a0 \u00a0 \u00a0 \u00a0\u00a0<a href=\"http:\/\/www.olivardesantateresa.es\/\"><img loading=\"lazy\" decoding=\"async\" class=\"alignnone wp-image-356\" src=\"http:\/\/www.xn--pearealmadridmazacotero-thc.es\/wp-content\/uploads\/2015\/05\/logo-melibea-176x300.jpg\" alt=\"logo melibea\" width=\"82\" height=\"140\" srcset=\"http:\/\/www.xn--pearealmadridmazacotero-thc.es\/wp-content\/uploads\/2015\/05\/logo-melibea-176x300.jpg 176w, http:\/\/www.xn--pearealmadridmazacotero-thc.es\/wp-content\/uploads\/2015\/05\/logo-melibea-600x1024.jpg 600w, http:\/\/www.xn--pearealmadridmazacotero-thc.es\/wp-content\/uploads\/2015\/05\/logo-melibea.jpg 744w\" sizes=\"auto, (max-width: 82px) 100vw, 82px\" \/><\/a><\/p>\n","protected":false},"excerpt":{"rendered":"<div class=\"mh-excerpt\"><p>SEDE SOCIAL: Local de 130 metros cuadrados en propiedad, inaugurado el d\u00eda 10 de octubre de 2004. Ctra. Albarreal, n\u00ba 2 Tel\u00e9fono: 925 77 20 <a class=\"mh-excerpt-more\" href=\"http:\/\/www.xn--pearealmadridmazacotero-thc.es\/?page_id=149\" title=\"CONTACTO\">[&#8230;]<\/a><\/p>\n<\/div>","protected":false},"author":1,"featured_media":0,"parent":0,"menu_order":0,"comment_status":"closed","ping_status":"closed","template":"","meta":{"footnotes":""},"class_list":["post-149","page","type-page","status-publish","hentry"],"_links":{"self":[{"href":"http:\/\/www.xn--pearealmadridmazacotero-thc.es\/index.php?rest_route=\/wp\/v2\/pages\/149","targetHints":{"allow":["GET"]}}],"collection":[{"href":"http:\/\/www.xn--pearealmadridmazacotero-thc.es\/index.php?rest_route=\/wp\/v2\/pages"}],"about":[{"href":"http:\/\/www.xn--pearealmadridmazacotero-thc.es\/index.php?rest_route=\/wp\/v2\/types\/page"}],"author":[{"embeddable":true,"href":"http:\/\/www.xn--pearealmadridmazacotero-thc.es\/index.php?rest_route=\/wp\/v2\/users\/1"}],"replies":[{"embeddable":true,"href":"http:\/\/www.xn--pearealmadridmazacotero-thc.es\/index.php?rest_route=%2Fwp%2Fv2%2Fcomments&post=149"}],"version-history":[{"count":8,"href":"http:\/\/www.xn--pearealmadridmazacotero-thc.es\/index.php?rest_route=\/wp\/v2\/pages\/149\/revisions"}],"predecessor-version":[{"id":7267,"href":"http:\/\/www.xn--pearealmadridmazacotero-thc.es\/index.php?rest_route=\/wp\/v2\/pages\/149\/revisions\/7267"}],"wp:attachment":[{"href":"http:\/\/www.xn--pearealmadridmazacotero-thc.es\/index.php?rest_route=%2Fwp%2Fv2%2Fmedia&parent=149"}],"curies":[{"name":"wp","href":"https:\/\/api.w.org\/{rel}","templated":true}]}}