{"id":11,"date":"2015-03-16T19:24:42","date_gmt":"2015-03-16T19:24:42","guid":{"rendered":"http:\/\/www.decoracionesgallardo.com\/?page_id=11"},"modified":"2017-04-05T20:30:39","modified_gmt":"2017-04-05T20:30:39","slug":"actividades","status":"publish","type":"page","link":"http:\/\/www.xn--pearealmadridmazacotero-thc.es\/?page_id=11","title":{"rendered":"ACTIVIDADES"},"content":{"rendered":"<p>&#8211; Celebraci\u00f3n de la Junta General, correspondiente a la Temporada 2013-2014, el domingo d\u00eda 13 de Julio 2014.<br \/>\n&#8211; Asistencia a todos los partidos del Real Madrid en el Estadio Santiago Bernabeu, algunos del Castilla y de baloncesto.<br \/>\n&#8211; Retransmisi\u00f3n en nuestra Sede Social de todos los partidos que juega el Real Madrid en pantalla gigante con toda clase de comodidades .<br \/>\n&#8211; Viaje a Cardiff d\u00edas 11, 12 y 13 de agosto de 2014 a la final de la Supercopa de Europa.<br \/>\n&#8211; Celebraci\u00f3n del XI campeonato de Mus \u00abLa Sementera \u00bb durante el mes de Septiembre en la sede de la Pe\u00f1a.<br \/>\n&#8211; Viaje a todos los partidos de la Champions por Europa y todas las finales que se disputen.<br \/>\n&#8211; Celebraci\u00f3n del XXXI Aniversario de la Pe\u00f1a en el mes de noviembre, siendo la invitaci\u00f3n gratuita para todos los socios.<br \/>\n&#8211; III Campus de Navidad de f\u00fatbol en categor\u00edas de prebenjam\u00edn, benjam\u00edn, alevin, infantil y cadete (pendiente de d\u00edas y fechas).<br \/>\n&#8211; Participaci\u00f3n en el Torneo Interpe\u00f1as del Real Madrid en Valdebebas en el mes de junio de 2015.<br \/>\n&#8211; Organizaci\u00f3n del VI Trofeo Sant\u00edsimo Cristo de la Sangre de F\u00fatbol 7 Categor\u00eda Alev\u00edn en Torrijos en el mes de junio de 2015.<br \/>\n&#8211; Colaboraci\u00f3n con la Fundaci\u00f3n Real Madrid en el partido ben\u00e9fico \u00abCoraz\u00f3n Classic \u00c1frica\u00bb.<br \/>\n&#8211; Asistencia a los actos oficiales de la Fundaci\u00f3n y del Real Madrid.<\/p>\n<p>&nbsp;<\/p>\n<p><a href=\"http:\/\/www.jamoneselchato.com\/\"><img loading=\"lazy\" decoding=\"async\" class=\"alignnone wp-image-325\" src=\"http:\/\/www.xn--pearealmadridmazacotero-thc.es\/wp-content\/uploads\/2015\/05\/jamones_elchato_pe\u00f1amazacotero1-300x208.png\" alt=\"jamones_elchato_pe\u00f1amazacotero\" width=\"150\" height=\"104\" srcset=\"http:\/\/www.xn--pearealmadridmazacotero-thc.es\/wp-content\/uploads\/2015\/05\/jamones_elchato_pe\u00f1amazacotero1-300x208.png 300w, http:\/\/www.xn--pearealmadridmazacotero-thc.es\/wp-content\/uploads\/2015\/05\/jamones_elchato_pe\u00f1amazacotero1.png 750w\" sizes=\"auto, (max-width: 150px) 100vw, 150px\" \/><\/a> <a href=\"http:\/\/www.itvtorrijos.es\/\"><img loading=\"lazy\" decoding=\"async\" class=\"alignnone wp-image-393\" src=\"http:\/\/www.xn--pearealmadridmazacotero-thc.es\/wp-content\/uploads\/2015\/03\/ITV-2menos1-300x150.jpg\" alt=\"Lona\" width=\"180\" height=\"90\" srcset=\"http:\/\/www.xn--pearealmadridmazacotero-thc.es\/wp-content\/uploads\/2015\/03\/ITV-2menos1-300x150.jpg 300w, http:\/\/www.xn--pearealmadridmazacotero-thc.es\/wp-content\/uploads\/2015\/03\/ITV-2menos1.jpg 740w\" sizes=\"auto, (max-width: 180px) 100vw, 180px\" \/><\/a>\u00a0\u00a0<a href=\"http:\/\/www.espanahijos.com\/\"><img loading=\"lazy\" decoding=\"async\" class=\"alignnone wp-image-394\" src=\"http:\/\/www.xn--pearealmadridmazacotero-thc.es\/wp-content\/uploads\/2015\/03\/espana-menos11-300x162.jpg\" alt=\"espana-menos1\" width=\"175\" height=\"95\" srcset=\"http:\/\/www.xn--pearealmadridmazacotero-thc.es\/wp-content\/uploads\/2015\/03\/espana-menos11-300x162.jpg 300w, http:\/\/www.xn--pearealmadridmazacotero-thc.es\/wp-content\/uploads\/2015\/03\/espana-menos11.jpg 700w\" sizes=\"auto, (max-width: 175px) 100vw, 175px\" \/><\/a><\/p>\n<p><a href=\"http:\/\/www.olivardesantateresa.es\/\"><img loading=\"lazy\" decoding=\"async\" class=\"alignnone wp-image-327\" src=\"http:\/\/www.xn--pearealmadridmazacotero-thc.es\/wp-content\/uploads\/2015\/05\/Olivar-logo.gif\" alt=\"Olivar-logo\" width=\"140\" height=\"95\" \/><\/a>\u00a0 \u00a0 \u00a0 \u00a0 \u00a0\u00a0<a href=\"http:\/\/www.barceloviajes.com\/\"><img loading=\"lazy\" decoding=\"async\" class=\"alignnone wp-image-330\" src=\"http:\/\/www.xn--pearealmadridmazacotero-thc.es\/wp-content\/uploads\/2015\/05\/Logo-BARCELO-VIAJES-300x300.jpg\" alt=\"Logo-BARCELO-VIAJES\" width=\"140\" height=\"140\" srcset=\"http:\/\/www.xn--pearealmadridmazacotero-thc.es\/wp-content\/uploads\/2015\/05\/Logo-BARCELO-VIAJES-300x300.jpg 300w, http:\/\/www.xn--pearealmadridmazacotero-thc.es\/wp-content\/uploads\/2015\/05\/Logo-BARCELO-VIAJES-150x150.jpg 150w, http:\/\/www.xn--pearealmadridmazacotero-thc.es\/wp-content\/uploads\/2015\/05\/Logo-BARCELO-VIAJES-1024x1024.jpg 1024w, http:\/\/www.xn--pearealmadridmazacotero-thc.es\/wp-content\/uploads\/2015\/05\/Logo-BARCELO-VIAJES.jpg 1200w\" sizes=\"auto, (max-width: 140px) 100vw, 140px\" \/><\/a>\u00a0 \u00a0 \u00a0 \u00a0 \u00a0 \u00a0 \u00a0 \u00a0\u00a0<a href=\"http:\/\/www.olivardesantateresa.es\/\"><img loading=\"lazy\" decoding=\"async\" class=\"alignnone wp-image-356\" src=\"http:\/\/www.xn--pearealmadridmazacotero-thc.es\/wp-content\/uploads\/2015\/05\/logo-melibea-176x300.jpg\" alt=\"logo melibea\" width=\"82\" height=\"140\" srcset=\"http:\/\/www.xn--pearealmadridmazacotero-thc.es\/wp-content\/uploads\/2015\/05\/logo-melibea-176x300.jpg 176w, http:\/\/www.xn--pearealmadridmazacotero-thc.es\/wp-content\/uploads\/2015\/05\/logo-melibea-600x1024.jpg 600w, http:\/\/www.xn--pearealmadridmazacotero-thc.es\/wp-content\/uploads\/2015\/05\/logo-melibea.jpg 744w\" sizes=\"auto, (max-width: 82px) 100vw, 82px\" \/><\/a><\/p>\n<p>&nbsp;<\/p>\n<p>&nbsp;<\/p>\n<p>&nbsp;<\/p>\n","protected":false},"excerpt":{"rendered":"<div class=\"mh-excerpt\"><p>&#8211; Celebraci\u00f3n de la Junta General, correspondiente a la Temporada 2013-2014, el domingo d\u00eda 13 de Julio 2014. &#8211; Asistencia a todos los partidos del <a class=\"mh-excerpt-more\" href=\"http:\/\/www.xn--pearealmadridmazacotero-thc.es\/?page_id=11\" title=\"ACTIVIDADES\">[&#8230;]<\/a><\/p>\n<\/div>","protected":false},"author":1,"featured_media":0,"parent":0,"menu_order":0,"comment_status":"closed","ping_status":"closed","template":"","meta":{"footnotes":""},"class_list":["post-11","page","type-page","status-publish","hentry"],"_links":{"self":[{"href":"http:\/\/www.xn--pearealmadridmazacotero-thc.es\/index.php?rest_route=\/wp\/v2\/pages\/11","targetHints":{"allow":["GET"]}}],"collection":[{"href":"http:\/\/www.xn--pearealmadridmazacotero-thc.es\/index.php?rest_route=\/wp\/v2\/pages"}],"about":[{"href":"http:\/\/www.xn--pearealmadridmazacotero-thc.es\/index.php?rest_route=\/wp\/v2\/types\/page"}],"author":[{"embeddable":true,"href":"http:\/\/www.xn--pearealmadridmazacotero-thc.es\/index.php?rest_route=\/wp\/v2\/users\/1"}],"replies":[{"embeddable":true,"href":"http:\/\/www.xn--pearealmadridmazacotero-thc.es\/index.php?rest_route=%2Fwp%2Fv2%2Fcomments&post=11"}],"version-history":[{"count":5,"href":"http:\/\/www.xn--pearealmadridmazacotero-thc.es\/index.php?rest_route=\/wp\/v2\/pages\/11\/revisions"}],"predecessor-version":[{"id":7998,"href":"http:\/\/www.xn--pearealmadridmazacotero-thc.es\/index.php?rest_route=\/wp\/v2\/pages\/11\/revisions\/7998"}],"wp:attachment":[{"href":"http:\/\/www.xn--pearealmadridmazacotero-thc.es\/index.php?rest_route=%2Fwp%2Fv2%2Fmedia&parent=11"}],"curies":[{"name":"wp","href":"https:\/\/api.w.org\/{rel}","templated":true}]}}